{"id":444,"date":"2019-04-05T16:29:04","date_gmt":"2019-04-05T20:29:04","guid":{"rendered":"\/?page_id=444"},"modified":"2022-03-15T13:21:23","modified_gmt":"2022-03-15T20:21:23","slug":"liens-workbc","status":"publish","type":"page","link":"https:\/\/workbccentre-rutland.ca\/fr\/liens-workbc\/","title":{"rendered":"Liens WorkBC"},"content":{"rendered":"\r\n<p>WorkBC est le point d\u2019acc\u00e8s du gouvernement provincial au monde du travail en Colombie-Britannique. Cela a \u00e9t\u00e9 cr\u00e9\u00e9 avec un objectif cl\u00e9 \u2013 aider tous les Colombiens Britanniques \u00e0 naviguer avec succ\u00e8s sur le march\u00e9 du travail de la Colombie-Britannique.<\/p>\r\n\r\n\r\n\r\n<ul class=\"wp-block-list\">\r\n<li><a href=\"https:\/\/www.workbc.ca\/\" target=\"_blank\" rel=\"noreferrer noopener\">WorkBC.ca<\/a><\/li>\r\n<li><a href=\"https:\/\/www.workbc.ca\/Jobs-Careers\/Find-Jobs\/Jobs.aspx\" target=\"_blank\" rel=\"noreferrer noopener\" aria-label=\"Job Bank (opens in a new tab)\">Banque d\u2019emplois<\/a><\/li>\r\n<li><a href=\"https:\/\/www.workbc.ca\/Employment-Services.aspx\" target=\"_blank\" rel=\"noreferrer noopener\" aria-label=\"Employment Services (opens in a new tab)\">Services d\u2019emploi<\/a><\/li>\r\n<\/ul>\r\n","protected":false},"excerpt":{"rendered":"<p>WorkBC est le point d\u2019acc\u00e8s du gouvernement provincial au monde du travail en Colombie-Britannique. Cela a \u00e9t\u00e9 cr\u00e9\u00e9 avec un objectif cl\u00e9 \u2013 aider tous les Colombiens Britanniques \u00e0 naviguer avec succ\u00e8s sur le march\u00e9 du travail de la Colombie-Britannique. WorkBC.ca Banque d\u2019emplois Services d\u2019emploi<\/p>\n","protected":false},"author":3,"featured_media":341,"parent":0,"menu_order":0,"comment_status":"closed","ping_status":"closed","template":"","meta":{"_acf_changed":false,"footnotes":""},"class_list":["post-444","page","type-page","status-publish","has-post-thumbnail","hentry"],"acf":[],"yoast_head":"<!-- This site is optimized with the Yoast SEO plugin v27.3 - https:\/\/yoast.com\/product\/yoast-seo-wordpress\/ -->\n<title>Liens WorkBC - WorkBC Rutland<\/title>\n<meta name=\"robots\" content=\"index, follow, max-snippet:-1, max-image-preview:large, max-video-preview:-1\" \/>\n<link rel=\"canonical\" href=\"https:\/\/workbccentre-rutland.ca\/fr\/liens-workbc\/\" \/>\n<meta property=\"og:locale\" content=\"fr_FR\" \/>\n<meta property=\"og:type\" content=\"article\" \/>\n<meta property=\"og:title\" content=\"Liens WorkBC - WorkBC Rutland\" \/>\n<meta property=\"og:description\" content=\"WorkBC est le point d\u2019acc\u00e8s du gouvernement provincial au monde du travail en Colombie-Britannique. Cela a \u00e9t\u00e9 cr\u00e9\u00e9 avec un objectif cl\u00e9 \u2013 aider tous les Colombiens Britanniques \u00e0 naviguer avec succ\u00e8s sur le march\u00e9 du travail de la Colombie-Britannique. WorkBC.ca Banque d\u2019emplois Services d\u2019emploi\" \/>\n<meta property=\"og:url\" content=\"\/fr\/liens-workbc\/\" \/>\n<meta property=\"og:site_name\" content=\"WorkBC Rutland\" \/>\n<meta property=\"article:modified_time\" content=\"2022-03-15T20:21:23+00:00\" \/>\n<meta property=\"og:image\" content=\"https:\/\/workbccentre-rutland.ca\/wp-content\/uploads\/2019\/02\/workbc_work_search_centre.jpg\" \/>\n\t<meta property=\"og:image:width\" content=\"1140\" \/>\n\t<meta property=\"og:image:height\" content=\"250\" \/>\n\t<meta property=\"og:image:type\" content=\"image\/jpeg\" \/>\n<meta name=\"twitter:card\" content=\"summary_large_image\" \/>\n<script type=\"application\/ld+json\" class=\"yoast-schema-graph\">{\"@context\":\"https:\\\/\\\/schema.org\",\"@graph\":[{\"@type\":\"WebPage\",\"@id\":\"\\\/fr\\\/liens-workbc\\\/\",\"url\":\"https:\\\/\\\/workbccentre-rutland.ca\\\/fr\\\/liens-workbc\\\/\",\"name\":\"Liens WorkBC - WorkBC Rutland\",\"isPartOf\":{\"@id\":\"https:\\\/\\\/workbccentre-rutland.ca\\\/#website\"},\"primaryImageOfPage\":{\"@id\":\"https:\\\/\\\/workbccentre-rutland.ca\\\/fr\\\/liens-workbc\\\/#primaryimage\"},\"image\":{\"@id\":\"https:\\\/\\\/workbccentre-rutland.ca\\\/fr\\\/liens-workbc\\\/#primaryimage\"},\"thumbnailUrl\":\"https:\\\/\\\/workbccentre-rutland.ca\\\/wp-content\\\/uploads\\\/2019\\\/02\\\/workbc_work_search_centre.jpg\",\"datePublished\":\"2019-04-05T20:29:04+00:00\",\"dateModified\":\"2022-03-15T20:21:23+00:00\",\"breadcrumb\":{\"@id\":\"https:\\\/\\\/workbccentre-rutland.ca\\\/fr\\\/liens-workbc\\\/#breadcrumb\"},\"inLanguage\":\"fr-FR\",\"potentialAction\":[{\"@type\":\"ReadAction\",\"target\":[\"https:\\\/\\\/workbccentre-rutland.ca\\\/fr\\\/liens-workbc\\\/\"]}]},{\"@type\":\"ImageObject\",\"inLanguage\":\"fr-FR\",\"@id\":\"https:\\\/\\\/workbccentre-rutland.ca\\\/fr\\\/liens-workbc\\\/#primaryimage\",\"url\":\"https:\\\/\\\/workbccentre-rutland.ca\\\/wp-content\\\/uploads\\\/2019\\\/02\\\/workbc_work_search_centre.jpg\",\"contentUrl\":\"https:\\\/\\\/workbccentre-rutland.ca\\\/wp-content\\\/uploads\\\/2019\\\/02\\\/workbc_work_search_centre.jpg\",\"width\":1140,\"height\":250},{\"@type\":\"BreadcrumbList\",\"@id\":\"https:\\\/\\\/workbccentre-rutland.ca\\\/fr\\\/liens-workbc\\\/#breadcrumb\",\"itemListElement\":[{\"@type\":\"ListItem\",\"position\":1,\"name\":\"Accueil\",\"item\":\"\\\/fr\\\/\"},{\"@type\":\"ListItem\",\"position\":2,\"name\":\"Liens WorkBC\"}]},{\"@type\":\"WebSite\",\"@id\":\"https:\\\/\\\/workbccentre-rutland.ca\\\/#website\",\"url\":\"https:\\\/\\\/workbccentre-rutland.ca\\\/\",\"name\":\"WorkBC Rutland\",\"description\":\"WorkBC Central Okanagan\",\"potentialAction\":[{\"@type\":\"SearchAction\",\"target\":{\"@type\":\"EntryPoint\",\"urlTemplate\":\"https:\\\/\\\/workbccentre-rutland.ca\\\/?s={search_term_string}\"},\"query-input\":{\"@type\":\"PropertyValueSpecification\",\"valueRequired\":true,\"valueName\":\"search_term_string\"}}],\"inLanguage\":\"fr-FR\"}]}<\/script>\n<!-- \/ Yoast SEO plugin. -->","yoast_head_json":{"title":"Liens WorkBC - WorkBC Rutland","robots":{"index":"index","follow":"follow","max-snippet":"max-snippet:-1","max-image-preview":"max-image-preview:large","max-video-preview":"max-video-preview:-1"},"canonical":"https:\/\/workbccentre-rutland.ca\/fr\/liens-workbc\/","og_locale":"fr_FR","og_type":"article","og_title":"Liens WorkBC - WorkBC Rutland","og_description":"WorkBC est le point d\u2019acc\u00e8s du gouvernement provincial au monde du travail en Colombie-Britannique. Cela a \u00e9t\u00e9 cr\u00e9\u00e9 avec un objectif cl\u00e9 \u2013 aider tous les Colombiens Britanniques \u00e0 naviguer avec succ\u00e8s sur le march\u00e9 du travail de la Colombie-Britannique. WorkBC.ca Banque d\u2019emplois Services d\u2019emploi","og_url":"\/fr\/liens-workbc\/","og_site_name":"WorkBC Rutland","article_modified_time":"2022-03-15T20:21:23+00:00","og_image":[{"width":1140,"height":250,"url":"https:\/\/workbccentre-rutland.ca\/wp-content\/uploads\/2019\/02\/workbc_work_search_centre.jpg","type":"image\/jpeg"}],"twitter_card":"summary_large_image","schema":{"@context":"https:\/\/schema.org","@graph":[{"@type":"WebPage","@id":"\/fr\/liens-workbc\/","url":"https:\/\/workbccentre-rutland.ca\/fr\/liens-workbc\/","name":"Liens WorkBC - WorkBC Rutland","isPartOf":{"@id":"https:\/\/workbccentre-rutland.ca\/#website"},"primaryImageOfPage":{"@id":"https:\/\/workbccentre-rutland.ca\/fr\/liens-workbc\/#primaryimage"},"image":{"@id":"https:\/\/workbccentre-rutland.ca\/fr\/liens-workbc\/#primaryimage"},"thumbnailUrl":"https:\/\/workbccentre-rutland.ca\/wp-content\/uploads\/2019\/02\/workbc_work_search_centre.jpg","datePublished":"2019-04-05T20:29:04+00:00","dateModified":"2022-03-15T20:21:23+00:00","breadcrumb":{"@id":"https:\/\/workbccentre-rutland.ca\/fr\/liens-workbc\/#breadcrumb"},"inLanguage":"fr-FR","potentialAction":[{"@type":"ReadAction","target":["https:\/\/workbccentre-rutland.ca\/fr\/liens-workbc\/"]}]},{"@type":"ImageObject","inLanguage":"fr-FR","@id":"https:\/\/workbccentre-rutland.ca\/fr\/liens-workbc\/#primaryimage","url":"https:\/\/workbccentre-rutland.ca\/wp-content\/uploads\/2019\/02\/workbc_work_search_centre.jpg","contentUrl":"https:\/\/workbccentre-rutland.ca\/wp-content\/uploads\/2019\/02\/workbc_work_search_centre.jpg","width":1140,"height":250},{"@type":"BreadcrumbList","@id":"https:\/\/workbccentre-rutland.ca\/fr\/liens-workbc\/#breadcrumb","itemListElement":[{"@type":"ListItem","position":1,"name":"Accueil","item":"\/fr\/"},{"@type":"ListItem","position":2,"name":"Liens WorkBC"}]},{"@type":"WebSite","@id":"https:\/\/workbccentre-rutland.ca\/#website","url":"https:\/\/workbccentre-rutland.ca\/","name":"WorkBC Rutland","description":"WorkBC Central Okanagan","potentialAction":[{"@type":"SearchAction","target":{"@type":"EntryPoint","urlTemplate":"https:\/\/workbccentre-rutland.ca\/?s={search_term_string}"},"query-input":{"@type":"PropertyValueSpecification","valueRequired":true,"valueName":"search_term_string"}}],"inLanguage":"fr-FR"}]}},"_links":{"self":[{"href":"https:\/\/workbccentre-rutland.ca\/fr\/wp-json\/wp\/v2\/pages\/444","targetHints":{"allow":["GET"]}}],"collection":[{"href":"https:\/\/workbccentre-rutland.ca\/fr\/wp-json\/wp\/v2\/pages"}],"about":[{"href":"https:\/\/workbccentre-rutland.ca\/fr\/wp-json\/wp\/v2\/types\/page"}],"author":[{"embeddable":true,"href":"https:\/\/workbccentre-rutland.ca\/fr\/wp-json\/wp\/v2\/users\/3"}],"replies":[{"embeddable":true,"href":"https:\/\/workbccentre-rutland.ca\/fr\/wp-json\/wp\/v2\/comments?post=444"}],"version-history":[{"count":0,"href":"https:\/\/workbccentre-rutland.ca\/fr\/wp-json\/wp\/v2\/pages\/444\/revisions"}],"wp:featuredmedia":[{"embeddable":true,"href":"https:\/\/workbccentre-rutland.ca\/fr\/wp-json\/wp\/v2\/media\/341"}],"wp:attachment":[{"href":"https:\/\/workbccentre-rutland.ca\/fr\/wp-json\/wp\/v2\/media?parent=444"}],"curies":[{"name":"wp","href":"https:\/\/api.w.org\/{rel}","templated":true}]}}