{"id":310,"date":"2019-02-22T14:26:14","date_gmt":"2019-02-22T19:26:14","guid":{"rendered":"http:\/\/chilliwack.a2dev.trapeze.ca\/?page_id=310"},"modified":"2019-04-05T11:25:39","modified_gmt":"2019-04-05T15:25:39","slug":"partenariats-avec-la-collectivite-et-les-employeurs","status":"publish","type":"page","link":"https:\/\/workbccentre-rutland.ca\/fr\/personnel\/partenariats-avec-la-collectivite-et-les-employeurs\/","title":{"rendered":"Partenariats avec la collectivit\u00e9 et les employeurs"},"content":{"rendered":"\n<p>Les\npartenariats avec la collectivit\u00e9 et les employeurs favorisent la collaboration\net la coordination entre les r\u00e9seaux d\u2019organismes communautaires et d\u2019employeurs\nde toute la province. Ces r\u00e9seaux visent \u00e0 promouvoir la communication entre\nles intervenants, \u00e0 faciliter et \u00e0 acc\u00e9l\u00e9rer la circulation de l\u2019information\nsur le march\u00e9 du travail et \u00e0 assurer une approche strat\u00e9gique pour investir dans\nle soutien n\u00e9cessaire \u00e0 l\u2019emploi au sein des collectivit\u00e9s. Ils visent aussi \u00e0 donner\naux intervenants l\u2019occasion de discuter de strat\u00e9gies et de solutions pour\nr\u00e9pondre aux besoins du march\u00e9 du travail.<\/p>\n\n\n\n<p>Gr\u00e2ce\n\u00e0 ces partenariats, les collectivit\u00e9s et les employeurs peuvent mieux r\u00e9pondre\naux besoins locaux et aider \u00e0 la cr\u00e9ation d\u2019emplois.<\/p>\n\n\n\n<p>L\u2019information\nobtenue aidera \u00e9galement les collectivit\u00e9s et les employeurs \u00e0 pr\u00e9senter des\ndemandes au Fonds de partenariats et d\u2019innovation. Ce fonds comporte quatre\nvolets principaux :<\/p>\n\n\n\n<ul class=\"wp-block-list\"><li>Partenariats pour la cr\u00e9ation d\u2019emplois<\/li><li>Partenariats du march\u00e9 du travail<\/li><li>Recherche et innovation<\/li><li>Formation sur le march\u00e9 du travail dans le cadre de projets<\/li><\/ul>\n\n\n\n<p>Communiquez avec nous d\u00e8s aujourd\u2019hui pour en apprendre davantage sur la fa\u00e7on dont nous appuyons la collectivit\u00e9 locale et les employeurs. <\/p>\n","protected":false},"excerpt":{"rendered":"<p>Les partenariats avec la collectivit\u00e9 et les employeurs favorisent la collaboration et la coordination entre les r\u00e9seaux d\u2019organismes communautaires et d\u2019employeurs de toute la province. Ces r\u00e9seaux visent \u00e0 promouvoir la communication entre les intervenants, \u00e0 faciliter et \u00e0 acc\u00e9l\u00e9rer la circulation de l\u2019information sur le march\u00e9 du travail et \u00e0 assurer une approche strat\u00e9gique [&hellip;]<\/p>\n","protected":false},"author":3,"featured_media":172,"parent":417,"menu_order":0,"comment_status":"closed","ping_status":"closed","template":"","meta":{"_acf_changed":false,"footnotes":""},"class_list":["post-310","page","type-page","status-publish","has-post-thumbnail","hentry"],"acf":[],"yoast_head":"<!-- This site is optimized with the Yoast SEO plugin v27.3 - https:\/\/yoast.com\/product\/yoast-seo-wordpress\/ -->\n<title>Partenariats avec la collectivit\u00e9 et les employeurs - WorkBC Rutland<\/title>\n<meta name=\"robots\" content=\"index, follow, max-snippet:-1, max-image-preview:large, max-video-preview:-1\" \/>\n<link rel=\"canonical\" href=\"https:\/\/workbccentre-rutland.ca\/fr\/personnel\/partenariats-avec-la-collectivite-et-les-employeurs\/\" \/>\n<meta property=\"og:locale\" content=\"fr_FR\" \/>\n<meta property=\"og:type\" content=\"article\" \/>\n<meta property=\"og:title\" content=\"Partenariats avec la collectivit\u00e9 et les employeurs - WorkBC Rutland\" \/>\n<meta property=\"og:description\" content=\"Les partenariats avec la collectivit\u00e9 et les employeurs favorisent la collaboration et la coordination entre les r\u00e9seaux d\u2019organismes communautaires et d\u2019employeurs de toute la province. Ces r\u00e9seaux visent \u00e0 promouvoir la communication entre les intervenants, \u00e0 faciliter et \u00e0 acc\u00e9l\u00e9rer la circulation de l\u2019information sur le march\u00e9 du travail et \u00e0 assurer une approche strat\u00e9gique [&hellip;]\" \/>\n<meta property=\"og:url\" content=\"\/fr\/personnel\/partenariats-avec-la-collectivite-et-les-employeurs\/\" \/>\n<meta property=\"og:site_name\" content=\"WorkBC Rutland\" \/>\n<meta property=\"article:modified_time\" content=\"2019-04-05T15:25:39+00:00\" \/>\n<meta property=\"og:image\" content=\"https:\/\/workbccentre-rutland.ca\/wp-content\/uploads\/2019\/02\/find-staff.jpg\" \/>\n\t<meta property=\"og:image:width\" content=\"1140\" \/>\n\t<meta property=\"og:image:height\" content=\"250\" \/>\n\t<meta property=\"og:image:type\" content=\"image\/jpeg\" \/>\n<meta name=\"twitter:card\" content=\"summary_large_image\" \/>\n<meta name=\"twitter:label1\" content=\"Dur\u00e9e de lecture estim\u00e9e\" \/>\n\t<meta name=\"twitter:data1\" content=\"1 minute\" \/>\n<script type=\"application\/ld+json\" class=\"yoast-schema-graph\">{\"@context\":\"https:\\\/\\\/schema.org\",\"@graph\":[{\"@type\":\"WebPage\",\"@id\":\"\\\/fr\\\/personnel\\\/partenariats-avec-la-collectivite-et-les-employeurs\\\/\",\"url\":\"https:\\\/\\\/workbccentre-rutland.ca\\\/fr\\\/personnel\\\/partenariats-avec-la-collectivite-et-les-employeurs\\\/\",\"name\":\"Partenariats avec la collectivit\u00e9 et les employeurs - WorkBC Rutland\",\"isPartOf\":{\"@id\":\"https:\\\/\\\/workbccentre-rutland.ca\\\/#website\"},\"primaryImageOfPage\":{\"@id\":\"https:\\\/\\\/workbccentre-rutland.ca\\\/fr\\\/personnel\\\/partenariats-avec-la-collectivite-et-les-employeurs\\\/#primaryimage\"},\"image\":{\"@id\":\"https:\\\/\\\/workbccentre-rutland.ca\\\/fr\\\/personnel\\\/partenariats-avec-la-collectivite-et-les-employeurs\\\/#primaryimage\"},\"thumbnailUrl\":\"https:\\\/\\\/workbccentre-rutland.ca\\\/wp-content\\\/uploads\\\/2019\\\/02\\\/find-staff.jpg\",\"datePublished\":\"2019-02-22T19:26:14+00:00\",\"dateModified\":\"2019-04-05T15:25:39+00:00\",\"breadcrumb\":{\"@id\":\"https:\\\/\\\/workbccentre-rutland.ca\\\/fr\\\/personnel\\\/partenariats-avec-la-collectivite-et-les-employeurs\\\/#breadcrumb\"},\"inLanguage\":\"fr-FR\",\"potentialAction\":[{\"@type\":\"ReadAction\",\"target\":[\"https:\\\/\\\/workbccentre-rutland.ca\\\/fr\\\/personnel\\\/partenariats-avec-la-collectivite-et-les-employeurs\\\/\"]}]},{\"@type\":\"ImageObject\",\"inLanguage\":\"fr-FR\",\"@id\":\"https:\\\/\\\/workbccentre-rutland.ca\\\/fr\\\/personnel\\\/partenariats-avec-la-collectivite-et-les-employeurs\\\/#primaryimage\",\"url\":\"https:\\\/\\\/workbccentre-rutland.ca\\\/wp-content\\\/uploads\\\/2019\\\/02\\\/find-staff.jpg\",\"contentUrl\":\"https:\\\/\\\/workbccentre-rutland.ca\\\/wp-content\\\/uploads\\\/2019\\\/02\\\/find-staff.jpg\",\"width\":1140,\"height\":250},{\"@type\":\"BreadcrumbList\",\"@id\":\"https:\\\/\\\/workbccentre-rutland.ca\\\/fr\\\/personnel\\\/partenariats-avec-la-collectivite-et-les-employeurs\\\/#breadcrumb\",\"itemListElement\":[{\"@type\":\"ListItem\",\"position\":1,\"name\":\"Accueil\",\"item\":\"\\\/fr\\\/\"},{\"@type\":\"ListItem\",\"position\":2,\"name\":\"Personnel\",\"item\":\"\\\/fr\\\/personnel\\\/\"},{\"@type\":\"ListItem\",\"position\":3,\"name\":\"Partenariats avec la collectivit\u00e9 et les employeurs\"}]},{\"@type\":\"WebSite\",\"@id\":\"https:\\\/\\\/workbccentre-rutland.ca\\\/#website\",\"url\":\"https:\\\/\\\/workbccentre-rutland.ca\\\/\",\"name\":\"WorkBC Rutland\",\"description\":\"WorkBC Central Okanagan\",\"potentialAction\":[{\"@type\":\"SearchAction\",\"target\":{\"@type\":\"EntryPoint\",\"urlTemplate\":\"https:\\\/\\\/workbccentre-rutland.ca\\\/?s={search_term_string}\"},\"query-input\":{\"@type\":\"PropertyValueSpecification\",\"valueRequired\":true,\"valueName\":\"search_term_string\"}}],\"inLanguage\":\"fr-FR\"}]}<\/script>\n<!-- \/ Yoast SEO plugin. -->","yoast_head_json":{"title":"Partenariats avec la collectivit\u00e9 et les employeurs - WorkBC Rutland","robots":{"index":"index","follow":"follow","max-snippet":"max-snippet:-1","max-image-preview":"max-image-preview:large","max-video-preview":"max-video-preview:-1"},"canonical":"https:\/\/workbccentre-rutland.ca\/fr\/personnel\/partenariats-avec-la-collectivite-et-les-employeurs\/","og_locale":"fr_FR","og_type":"article","og_title":"Partenariats avec la collectivit\u00e9 et les employeurs - WorkBC Rutland","og_description":"Les partenariats avec la collectivit\u00e9 et les employeurs favorisent la collaboration et la coordination entre les r\u00e9seaux d\u2019organismes communautaires et d\u2019employeurs de toute la province. Ces r\u00e9seaux visent \u00e0 promouvoir la communication entre les intervenants, \u00e0 faciliter et \u00e0 acc\u00e9l\u00e9rer la circulation de l\u2019information sur le march\u00e9 du travail et \u00e0 assurer une approche strat\u00e9gique [&hellip;]","og_url":"\/fr\/personnel\/partenariats-avec-la-collectivite-et-les-employeurs\/","og_site_name":"WorkBC Rutland","article_modified_time":"2019-04-05T15:25:39+00:00","og_image":[{"width":1140,"height":250,"url":"https:\/\/workbccentre-rutland.ca\/wp-content\/uploads\/2019\/02\/find-staff.jpg","type":"image\/jpeg"}],"twitter_card":"summary_large_image","twitter_misc":{"Dur\u00e9e de lecture estim\u00e9e":"1 minute"},"schema":{"@context":"https:\/\/schema.org","@graph":[{"@type":"WebPage","@id":"\/fr\/personnel\/partenariats-avec-la-collectivite-et-les-employeurs\/","url":"https:\/\/workbccentre-rutland.ca\/fr\/personnel\/partenariats-avec-la-collectivite-et-les-employeurs\/","name":"Partenariats avec la collectivit\u00e9 et les employeurs - WorkBC Rutland","isPartOf":{"@id":"https:\/\/workbccentre-rutland.ca\/#website"},"primaryImageOfPage":{"@id":"https:\/\/workbccentre-rutland.ca\/fr\/personnel\/partenariats-avec-la-collectivite-et-les-employeurs\/#primaryimage"},"image":{"@id":"https:\/\/workbccentre-rutland.ca\/fr\/personnel\/partenariats-avec-la-collectivite-et-les-employeurs\/#primaryimage"},"thumbnailUrl":"https:\/\/workbccentre-rutland.ca\/wp-content\/uploads\/2019\/02\/find-staff.jpg","datePublished":"2019-02-22T19:26:14+00:00","dateModified":"2019-04-05T15:25:39+00:00","breadcrumb":{"@id":"https:\/\/workbccentre-rutland.ca\/fr\/personnel\/partenariats-avec-la-collectivite-et-les-employeurs\/#breadcrumb"},"inLanguage":"fr-FR","potentialAction":[{"@type":"ReadAction","target":["https:\/\/workbccentre-rutland.ca\/fr\/personnel\/partenariats-avec-la-collectivite-et-les-employeurs\/"]}]},{"@type":"ImageObject","inLanguage":"fr-FR","@id":"https:\/\/workbccentre-rutland.ca\/fr\/personnel\/partenariats-avec-la-collectivite-et-les-employeurs\/#primaryimage","url":"https:\/\/workbccentre-rutland.ca\/wp-content\/uploads\/2019\/02\/find-staff.jpg","contentUrl":"https:\/\/workbccentre-rutland.ca\/wp-content\/uploads\/2019\/02\/find-staff.jpg","width":1140,"height":250},{"@type":"BreadcrumbList","@id":"https:\/\/workbccentre-rutland.ca\/fr\/personnel\/partenariats-avec-la-collectivite-et-les-employeurs\/#breadcrumb","itemListElement":[{"@type":"ListItem","position":1,"name":"Accueil","item":"\/fr\/"},{"@type":"ListItem","position":2,"name":"Personnel","item":"\/fr\/personnel\/"},{"@type":"ListItem","position":3,"name":"Partenariats avec la collectivit\u00e9 et les employeurs"}]},{"@type":"WebSite","@id":"https:\/\/workbccentre-rutland.ca\/#website","url":"https:\/\/workbccentre-rutland.ca\/","name":"WorkBC Rutland","description":"WorkBC Central Okanagan","potentialAction":[{"@type":"SearchAction","target":{"@type":"EntryPoint","urlTemplate":"https:\/\/workbccentre-rutland.ca\/?s={search_term_string}"},"query-input":{"@type":"PropertyValueSpecification","valueRequired":true,"valueName":"search_term_string"}}],"inLanguage":"fr-FR"}]}},"_links":{"self":[{"href":"https:\/\/workbccentre-rutland.ca\/fr\/wp-json\/wp\/v2\/pages\/310","targetHints":{"allow":["GET"]}}],"collection":[{"href":"https:\/\/workbccentre-rutland.ca\/fr\/wp-json\/wp\/v2\/pages"}],"about":[{"href":"https:\/\/workbccentre-rutland.ca\/fr\/wp-json\/wp\/v2\/types\/page"}],"author":[{"embeddable":true,"href":"https:\/\/workbccentre-rutland.ca\/fr\/wp-json\/wp\/v2\/users\/3"}],"replies":[{"embeddable":true,"href":"https:\/\/workbccentre-rutland.ca\/fr\/wp-json\/wp\/v2\/comments?post=310"}],"version-history":[{"count":0,"href":"https:\/\/workbccentre-rutland.ca\/fr\/wp-json\/wp\/v2\/pages\/310\/revisions"}],"up":[{"embeddable":true,"href":"https:\/\/workbccentre-rutland.ca\/fr\/wp-json\/wp\/v2\/pages\/417"}],"wp:featuredmedia":[{"embeddable":true,"href":"https:\/\/workbccentre-rutland.ca\/fr\/wp-json\/wp\/v2\/media\/172"}],"wp:attachment":[{"href":"https:\/\/workbccentre-rutland.ca\/fr\/wp-json\/wp\/v2\/media?parent=310"}],"curies":[{"name":"wp","href":"https:\/\/api.w.org\/{rel}","templated":true}]}}